{"id":15,"date":"2026-04-28T06:38:46","date_gmt":"2026-04-28T06:38:46","guid":{"rendered":"https:\/\/roboer.com.mx\/?page_id=15"},"modified":"2026-05-05T23:22:44","modified_gmt":"2026-05-05T23:22:44","slug":"nosotros","status":"publish","type":"page","link":"https:\/\/roboer.com.mx\/en\/nosotros\/","title":{"rendered":"About us"},"content":{"rendered":"<div data-elementor-type=\"wp-page\" data-elementor-id=\"15\" class=\"elementor elementor-15\">\n\t\t\t\t<div data-ekitparallax=\"{&quot;ekit_section_parallax_bg&quot;:&quot;yes&quot;,&quot;ekit_section_parallax_bg_speed&quot;:0.5,&quot;elementor_lazy_load&quot;:&quot;1&quot;}\" class=\"elementor-element elementor-element-acbde8b e-flex e-con-boxed e-con e-parent\" data-id=\"acbde8b\" data-element_type=\"container\" data-e-type=\"container\" data-settings=\"{&quot;background_background&quot;:&quot;classic&quot;}\">\n\t\t\t\t\t<div class=\"e-con-inner\">\n\t\t\t\t<div class=\"elementor-element elementor-element-e4d625f elementor-widget__width-initial elementor-widget elementor-widget-elementskit-heading\" data-id=\"e4d625f\" data-element_type=\"widget\" data-e-type=\"widget\" data-settings=\"{&quot;ekit_we_effect_on&quot;:&quot;none&quot;}\" data-widget_type=\"elementskit-heading.default\">\n\t\t\t\t\t<div class=\"ekit-wid-con\" ><div class=\"ekit-heading elementskit-section-title-wraper text_left   ekit_heading_tablet-   ekit_heading_mobile-\"><h2 class=\"ekit-heading--title elementskit-section-title\">About us<\/h2>\t\t\t\t<div class='ekit-heading__description'>\n\t\t\t\t\t<p>We are a leading freight forwarder in the logistics industry in Mexico and we respond to global challenges.<\/p>\n\t\t\t\t<\/div>\n\t\t\t<\/div><\/div>\t\t\t\t<\/div>\n\t\t\t\t\t<\/div>\n\t\t\t\t<\/div>\n\t\t\t\t<section class=\"elementor-section elementor-top-section elementor-element elementor-element-3eb2e96c elementor-section-content-top elementor-section-boxed elementor-section-height-default elementor-section-height-default\" data-id=\"3eb2e96c\" data-element_type=\"section\" data-e-type=\"section\">\n\t\t\t\t\t\t<div class=\"elementor-container elementor-column-gap-default\">\n\t\t\t\t\t<div class=\"elementor-column elementor-col-50 elementor-top-column elementor-element elementor-element-59364708\" data-id=\"59364708\" data-element_type=\"column\" data-e-type=\"column\">\n\t\t\t<div class=\"elementor-widget-wrap elementor-element-populated\">\n\t\t\t\t\t\t<div class=\"elementor-element elementor-element-74f24392 elementor-widget elementor-widget-image\" data-id=\"74f24392\" data-element_type=\"widget\" data-e-type=\"widget\" data-settings=\"{&quot;ekit_we_effect_on&quot;:&quot;none&quot;}\" data-widget_type=\"image.default\">\n\t\t\t\t\t\t\t\t\t\t\t\t\t\t\t<img fetchpriority=\"high\" decoding=\"async\" width=\"2048\" height=\"2048\" src=\"https:\/\/roboer.com.mx\/wp-content\/uploads\/2026\/04\/img-roboer1.webp\" class=\"attachment-full size-full wp-image-67\" alt=\"\" srcset=\"https:\/\/roboer.com.mx\/wp-content\/uploads\/2026\/04\/img-roboer1.webp 2048w, https:\/\/roboer.com.mx\/wp-content\/uploads\/2026\/04\/img-roboer1-300x300.webp 300w, https:\/\/roboer.com.mx\/wp-content\/uploads\/2026\/04\/img-roboer1-1024x1024.webp 1024w, https:\/\/roboer.com.mx\/wp-content\/uploads\/2026\/04\/img-roboer1-150x150.webp 150w, https:\/\/roboer.com.mx\/wp-content\/uploads\/2026\/04\/img-roboer1-768x768.webp 768w, https:\/\/roboer.com.mx\/wp-content\/uploads\/2026\/04\/img-roboer1-1536x1536.webp 1536w\" sizes=\"(max-width: 2048px) 100vw, 2048px\" \/>\t\t\t\t\t\t\t\t\t\t\t\t\t\t\t<\/div>\n\t\t\t\t<div class=\"elementor-element elementor-element-718c5df6 elementor-widget__width-auto elementor-widget elementor-widget-elementskit-heading\" data-id=\"718c5df6\" data-element_type=\"widget\" data-e-type=\"widget\" data-settings=\"{&quot;ekit_we_effect_on&quot;:&quot;none&quot;}\" data-widget_type=\"elementskit-heading.default\">\n\t\t\t\t\t<div class=\"ekit-wid-con\" ><div class=\"ekit-heading elementskit-section-title-wraper text_left   ekit_heading_tablet-   ekit_heading_mobile- ekit-heading__title-in-left\">\t\t\t\t<div class='ekit-heading__title-wrapper'>\n\t\t\t<h3 class=\"ekit-heading--title elementskit-section-title\">12<\/h3>\t\t\t\t<\/div>\n\t\t\t\t<div class='ekit-heading__content-wrapper'>\n\t\t\t\t\t\t\t<div class='ekit-heading__description'>\n\t\t\t\t\t<p>Years of<br \/>Experience<\/p>\n\t\t\t\t<\/div>\n\t\t\t\t\t\t\t<\/div>\n\t\t\t<\/div><\/div>\t\t\t\t<\/div>\n\t\t\t\t\t<\/div>\n\t\t<\/div>\n\t\t\t\t<div class=\"elementor-column elementor-col-50 elementor-top-column elementor-element elementor-element-11260fcd\" data-id=\"11260fcd\" data-element_type=\"column\" data-e-type=\"column\">\n\t\t\t<div class=\"elementor-widget-wrap elementor-element-populated\">\n\t\t\t\t\t\t<div class=\"elementor-element elementor-element-50adf5f0 elementor-widget elementor-widget-elementskit-heading\" data-id=\"50adf5f0\" data-element_type=\"widget\" data-e-type=\"widget\" data-settings=\"{&quot;ekit_we_effect_on&quot;:&quot;none&quot;}\" data-widget_type=\"elementskit-heading.default\">\n\t\t\t\t\t<div class=\"ekit-wid-con\" ><div class=\"ekit-heading elementskit-section-title-wraper text_left   ekit_heading_tablet-   ekit_heading_mobile-\"><h2 class=\"ekit-heading--title elementskit-section-title\">Who are we?<\/h2>\t\t\t\t<div class='ekit-heading__description'>\n\t\t\t\t\t<p><span style=\"font-weight: 400\">Roboer Logistics has established itself as a leading freight forwarder in the logistics industry.\u00a0<\/span><\/p>\n<p><span style=\"font-weight: 400\">We were born with the vision of simplifying foreign trade, and today, after more than a decade of uninterrupted operations, we combine that operational maturity with a technological agility that allows us to respond to the most complex global challenges.<\/span><\/p>\n\t\t\t\t<\/div>\n\t\t\t<\/div><\/div>\t\t\t\t<\/div>\n\t\t\t\t<div class=\"elementor-element elementor-element-f610d1b ekit-equal-height-disable elementor-widget elementor-widget-elementskit-icon-box\" data-id=\"f610d1b\" data-element_type=\"widget\" data-e-type=\"widget\" data-settings=\"{&quot;ekit_we_effect_on&quot;:&quot;none&quot;}\" data-widget_type=\"elementskit-icon-box.default\">\n\t\t\t\t\t<div class=\"ekit-wid-con\" >        <!-- link opening -->\n                <!-- end link opening -->\n\n        <div class=\"elementskit-infobox text- text-left icon-lef-right-aligin elementor-animation- media\">\n                    <div class=\"elementskit-box-header elementor-animation-\">\n                <div class=\"elementskit-info-box-icon  text-center\">\n                    <svg class=\"elementkit-infobox-icon ekit-svg-icon icon-dart-board\" viewbox=\"0 0 32 32\" xmlns=\"http:\/\/www.w3.org\/2000\/svg\"><path d=\"M31.119 26.794l-3.575-3.594c-0.131-0.131-0.325-0.194-0.519-0.194l-2.744 0.313c2.063-2.369 3.325-5.456 3.325-8.813 0-7.388-6.044-13.406-13.456-13.406s-13.463 6.081-13.463 13.469 6.044 13.406 13.456 13.406c3.325 0 6.394-1.244 8.763-3.294l-0.313 2.706c0 0.194 0.063 0.394 0.194 0.525l3.575 3.594c0.375 0.406 1.044 0.25 1.106-0.456l0.325-2.875 2.925-0.325c0.519-0.056 0.813-0.65 0.4-1.056zM1.988 14.569c0-6.737 5.463-12.162 12.156-12.162s12.156 5.425 12.156 12.162c0 3.1-1.156 5.919-3.056 8.063l-2.175-2.175c1.356-1.594 2.181-3.669 2.181-5.95 0-5.037-4.094-9.156-9.1-9.156s-9.106 4.119-9.106 9.156c0 5.038 4.094 9.156 9.1 9.156 2.3 0 4.412-0.856 6.019-2.281l2.175 2.175c-2.163 1.975-5.044 3.175-8.194 3.175-6.694 0-12.156-5.425-12.156-12.162zM18.094 17.481c0.619-0.819 0.994-1.825 0.994-2.912 0-2.681-2.212-4.906-4.944-4.906s-4.944 2.225-4.944 4.906 2.213 4.906 4.944 4.906c1.131 0 2.194-0.406 3.044-1.069l2.1 2.1c-1.375 1.188-3.175 1.913-5.144 1.913-4.356 0-7.869-3.531-7.869-7.844s3.513-7.844 7.869-7.844c4.294 0 7.8 3.531 7.869 7.844 0 1.9-0.681 3.65-1.819 5.012l-2.1-2.106zM15.512 14.894c-0.262-0.262-0.65-0.262-0.912 0s-0.262 0.656 0 0.912l1.706 1.706c-0.606 0.45-1.35 0.712-2.162 0.712-2.013 0-3.644-1.637-3.644-3.662s1.625-3.662 3.644-3.662 3.644 1.637 3.644 3.662c0 0.744-0.219 1.431-0.594 2.006l-1.681-1.675zM23.9 27.188l0.188-1.887 2.456 2.456-0.175 1.85-2.469-2.419zM27.506 26.894l-2.413-2.413 1.669-0.169 2.469 2.419-1.725 0.163z\"><\/path><\/svg>\n                <\/div>\n          <\/div>\n                        <div class=\"box-body\">\n                            <h3 class=\"elementskit-info-box-title\">\n                    Our mission as a logistics intermediary                <\/h3>\n                        \t\t  \t<p>We provide accurate and timely communication. We distinguish ourselves through a positive and human approach, ensuring you find in us a partner that guarantees complete satisfaction in every forwarding transaction.\n<\/p>\n                                <\/div>\n        \n        \n                <\/div>\n        <\/div>\t\t\t\t<\/div>\n\t\t\t\t<div class=\"elementor-element elementor-element-2e1e043f elementor-widget-divider--view-line elementor-widget elementor-widget-divider\" data-id=\"2e1e043f\" data-element_type=\"widget\" data-e-type=\"widget\" data-settings=\"{&quot;ekit_we_effect_on&quot;:&quot;none&quot;}\" data-widget_type=\"divider.default\">\n\t\t\t\t\t\t\t<div class=\"elementor-divider\">\n\t\t\t<span class=\"elementor-divider-separator\">\n\t\t\t\t\t\t<\/span>\n\t\t<\/div>\n\t\t\t\t\t\t<\/div>\n\t\t\t\t\t<\/div>\n\t\t<\/div>\n\t\t\t\t\t<\/div>\n\t\t<\/section>\n\t\t\t\t<section class=\"elementor-section elementor-top-section elementor-element elementor-element-8eff664 elementor-section-boxed elementor-section-height-default elementor-section-height-default\" data-id=\"8eff664\" data-element_type=\"section\" data-e-type=\"section\" data-settings=\"{&quot;background_background&quot;:&quot;classic&quot;}\">\n\t\t\t\t\t\t<div class=\"elementor-container elementor-column-gap-default\">\n\t\t\t\t\t<div class=\"elementor-column elementor-col-100 elementor-top-column elementor-element elementor-element-0bae8fb\" data-id=\"0bae8fb\" data-element_type=\"column\" data-e-type=\"column\">\n\t\t\t<div class=\"elementor-widget-wrap elementor-element-populated\">\n\t\t\t\t\t\t<section class=\"elementor-section elementor-inner-section elementor-element elementor-element-6036268 elementor-section-full_width elementor-section-height-default elementor-section-height-default\" data-id=\"6036268\" data-element_type=\"section\" data-e-type=\"section\">\n\t\t\t\t\t\t<div class=\"elementor-container elementor-column-gap-default\">\n\t\t\t\t\t<div class=\"elementor-column elementor-col-50 elementor-inner-column elementor-element elementor-element-3bc934a\" data-id=\"3bc934a\" data-element_type=\"column\" data-e-type=\"column\">\n\t\t\t<div class=\"elementor-widget-wrap elementor-element-populated\">\n\t\t\t\t\t\t<div class=\"elementor-element elementor-element-c933fe2 elementor-widget__width-initial elementor-widget elementor-widget-elementskit-heading\" data-id=\"c933fe2\" data-element_type=\"widget\" data-e-type=\"widget\" data-settings=\"{&quot;ekit_we_effect_on&quot;:&quot;none&quot;}\" data-widget_type=\"elementskit-heading.default\">\n\t\t\t\t\t<div class=\"ekit-wid-con\" ><div class=\"ekit-heading elementskit-section-title-wraper text_left   ekit_heading_tablet-   ekit_heading_mobile-\"><h2 class=\"ekit-heading--title elementskit-section-title\">Global coverage with a personalized approach<\/h2>\t\t\t\t<div class='ekit-heading__description'>\n\t\t\t\t\t<p><span style=\"font-weight: 400\">Throughout our history, we have built a network of alliances that allows us to cover the most commercially important ports and airports in Europe, Asia and America.<\/span><\/p>\n\t\t\t\t<\/div>\n\t\t\t<\/div><\/div>\t\t\t\t<\/div>\n\t\t\t\t\t<\/div>\n\t\t<\/div>\n\t\t\t\t<div class=\"elementor-column elementor-col-50 elementor-inner-column elementor-element elementor-element-3442e36\" data-id=\"3442e36\" data-element_type=\"column\" data-e-type=\"column\">\n\t\t\t<div class=\"elementor-widget-wrap elementor-element-populated\">\n\t\t\t\t\t\t<div class=\"elementor-element elementor-element-eced985 elementor-widget elementor-widget-elementskit-stylish-list\" data-id=\"eced985\" data-element_type=\"widget\" data-e-type=\"widget\" data-settings=\"{&quot;ekit_we_effect_on&quot;:&quot;none&quot;}\" data-widget_type=\"elementskit-stylish-list.default\">\n\t\t\t\t<div class=\"elementor-widget-container\">\n\t\t\t\t\t<div class=\"ekit-wid-con\">\t\t<ul class=\"ekit-stylish-list\" >\n\t\t\t\t\t\t\t<li class=\"ekit-stylish-list-content-wrapper elementor-repeater-item-48209da\" >\n\t\t\t\t\t\t\t\t\t\t<div class=\"ekit-stylish-list-content\">\n\t\t\t\t\t\t\t\t\t\t\t\t\t\t\t\t\t\t\t<div class=\"ekit-stylish-list-content-icon\">\t\t\t\n\t\t\t\t\t\t\t\t<svg class=\"ekit-svg-icon icon-arrow-right-circle\" viewbox=\"0 0 32 32\" xmlns=\"http:\/\/www.w3.org\/2000\/svg\"><path d=\"M25.948 6.052c-2.871-2.871-6.688-4.452-10.748-4.452s-7.877 1.581-10.748 4.452-4.452 6.688-4.452 10.748 1.581 7.877 4.452 10.748 6.688 4.452 10.748 4.452 7.877-1.581 10.748-4.452 4.452-6.688 4.452-10.748-1.581-7.877-4.452-10.748zM15.2 30.4c-7.499 0-13.6-6.101-13.6-13.6s6.101-13.6 13.6-13.6c7.499 0 13.6 6.101 13.6 13.6s-6.101 13.6-13.6 13.6zM24.566 16.234l-6.4-6.4c-0.312-0.312-0.819-0.312-1.131 0s-0.312 0.819 0 1.131l5.034 5.034h-16.469c-0.442 0-0.8 0.358-0.8 0.8s0.358 0.8 0.8 0.8h16.469l-5.034 5.034c-0.312 0.312-0.312 0.819 0 1.131 0.156 0.156 0.361 0.234 0.566 0.234s0.409-0.078 0.566-0.234l6.4-6.4c0.313-0.312 0.313-0.819 0-1.131z\"><\/path><\/svg>\t\t\t\n\t\t\t\t\t\t\t<\/div>\n\t\t\t\t\t\t\t\t\t\t\t\t\t\t\t\t\t\t<div class=\"ekit-stylish-list-content-text\">\n\t\t\t\t\t\t\t<span class=\"ekit-stylish-list-content-title\">Operational intelligence:<\/span>\n\t\t\t\t\t\t\t\t\t\t\t\t\t\t\t<span class=\"ekit-stylish-list-content-description\">We analyze each shipment to determine the optimal route, balancing cost and time.<\/span>\n\t\t\t\t\t\t\t\t\t\t\t\t\t<\/div>\n\t\t\t\t\t\t\t\t\t\t\t<\/div>\n\t\t\t\t\t\n\t\t\t\t<\/li>\n\t\t\t\t\t\t\t\t\t\t\t<li class=\"ekit-stylish-list-content-wrapper elementor-repeater-item-b10ec15\" >\n\t\t\t\t\t\t\t\t\t\t<div class=\"ekit-stylish-list-content\">\n\t\t\t\t\t\t\t\t\t\t\t\t\t\t\t\t\t\t\t<div class=\"ekit-stylish-list-content-icon\">\t\t\t\n\t\t\t\t\t\t\t\t<svg class=\"ekit-svg-icon icon-arrow-right-circle\" viewbox=\"0 0 32 32\" xmlns=\"http:\/\/www.w3.org\/2000\/svg\"><path d=\"M25.948 6.052c-2.871-2.871-6.688-4.452-10.748-4.452s-7.877 1.581-10.748 4.452-4.452 6.688-4.452 10.748 1.581 7.877 4.452 10.748 6.688 4.452 10.748 4.452 7.877-1.581 10.748-4.452 4.452-6.688 4.452-10.748-1.581-7.877-4.452-10.748zM15.2 30.4c-7.499 0-13.6-6.101-13.6-13.6s6.101-13.6 13.6-13.6c7.499 0 13.6 6.101 13.6 13.6s-6.101 13.6-13.6 13.6zM24.566 16.234l-6.4-6.4c-0.312-0.312-0.819-0.312-1.131 0s-0.312 0.819 0 1.131l5.034 5.034h-16.469c-0.442 0-0.8 0.358-0.8 0.8s0.358 0.8 0.8 0.8h16.469l-5.034 5.034c-0.312 0.312-0.312 0.819 0 1.131 0.156 0.156 0.361 0.234 0.566 0.234s0.409-0.078 0.566-0.234l6.4-6.4c0.313-0.312 0.313-0.819 0-1.131z\"><\/path><\/svg>\t\t\t\n\t\t\t\t\t\t\t<\/div>\n\t\t\t\t\t\t\t\t\t\t\t\t\t\t\t\t\t\t<div class=\"ekit-stylish-list-content-text\">\n\t\t\t\t\t\t\t<span class=\"ekit-stylish-list-content-title\">Multimodal presence:<\/span>\n\t\t\t\t\t\t\t\t\t\t\t\t\t\t\t<span class=\"ekit-stylish-list-content-description\">We are experts in air, sea, and land logistics, tailoring our services to the specific needs of each mode.<\/span>\n\t\t\t\t\t\t\t\t\t\t\t\t\t<\/div>\n\t\t\t\t\t\t\t\t\t\t\t<\/div>\n\t\t\t\t\t\n\t\t\t\t<\/li>\n\t\t\t\t\t\t\t\t\t\t\t<li class=\"ekit-stylish-list-content-wrapper elementor-repeater-item-8de6b1b\" >\n\t\t\t\t\t\t\t\t\t\t<div class=\"ekit-stylish-list-content\">\n\t\t\t\t\t\t\t\t\t\t\t\t\t\t\t\t\t\t\t<div class=\"ekit-stylish-list-content-icon\">\t\t\t\n\t\t\t\t\t\t\t\t<svg class=\"ekit-svg-icon icon-arrow-right-circle\" viewbox=\"0 0 32 32\" xmlns=\"http:\/\/www.w3.org\/2000\/svg\"><path d=\"M25.948 6.052c-2.871-2.871-6.688-4.452-10.748-4.452s-7.877 1.581-10.748 4.452-4.452 6.688-4.452 10.748 1.581 7.877 4.452 10.748 6.688 4.452 10.748 4.452 7.877-1.581 10.748-4.452 4.452-6.688 4.452-10.748-1.581-7.877-4.452-10.748zM15.2 30.4c-7.499 0-13.6-6.101-13.6-13.6s6.101-13.6 13.6-13.6c7.499 0 13.6 6.101 13.6 13.6s-6.101 13.6-13.6 13.6zM24.566 16.234l-6.4-6.4c-0.312-0.312-0.819-0.312-1.131 0s-0.312 0.819 0 1.131l5.034 5.034h-16.469c-0.442 0-0.8 0.358-0.8 0.8s0.358 0.8 0.8 0.8h16.469l-5.034 5.034c-0.312 0.312-0.312 0.819 0 1.131 0.156 0.156 0.361 0.234 0.566 0.234s0.409-0.078 0.566-0.234l6.4-6.4c0.313-0.312 0.313-0.819 0-1.131z\"><\/path><\/svg>\t\t\t\n\t\t\t\t\t\t\t<\/div>\n\t\t\t\t\t\t\t\t\t\t\t\t\t\t\t\t\t\t<div class=\"ekit-stylish-list-content-text\">\n\t\t\t\t\t\t\t<span class=\"ekit-stylish-list-content-title\">Safety and trust:<\/span>\n\t\t\t\t\t\t\t\t\t\t\t\t\t\t\t<span class=\"ekit-stylish-list-content-description\">We want your business to grow with complete peace of mind.<\/span>\n\t\t\t\t\t\t\t\t\t\t\t\t\t<\/div>\n\t\t\t\t\t\t\t\t\t\t\t<\/div>\n\t\t\t\t\t\n\t\t\t\t<\/li>\n\t\t\t\t\t\t\t\t\t<\/ul>\n\t<\/div>\t\t\t\t<\/div>\n\t\t\t\t<\/div>\n\t\t\t\t\t<\/div>\n\t\t<\/div>\n\t\t\t\t\t<\/div>\n\t\t<\/section>\n\t\t\t\t\t<\/div>\n\t\t<\/div>\n\t\t\t\t\t<\/div>\n\t\t<\/section>\n\t\t<div class=\"elementor-element elementor-element-bf4a8b7 e-flex e-con-boxed e-con e-parent\" data-id=\"bf4a8b7\" data-element_type=\"container\" data-e-type=\"container\" data-settings=\"{&quot;background_background&quot;:&quot;classic&quot;}\">\n\t\t\t\t\t<div class=\"e-con-inner\">\n\t\t\t\t\t<\/div>\n\t\t\t\t<\/div>\n\t\t\t\t<section class=\"elementor-section elementor-top-section elementor-element elementor-element-2b8fdb1d elementor-section-content-middle elementor-section-boxed elementor-section-height-default elementor-section-height-default\" data-id=\"2b8fdb1d\" data-element_type=\"section\" data-e-type=\"section\">\n\t\t\t\t\t\t<div class=\"elementor-container elementor-column-gap-default\">\n\t\t\t\t\t<div class=\"elementor-column elementor-col-100 elementor-top-column elementor-element elementor-element-5a3e4087\" data-id=\"5a3e4087\" data-element_type=\"column\" data-e-type=\"column\">\n\t\t\t<div class=\"elementor-widget-wrap elementor-element-populated\">\n\t\t\t\t\t\t<section class=\"elementor-section elementor-inner-section elementor-element elementor-element-6f46bede elementor-section-full_width elementor-section-height-default elementor-section-height-default\" data-id=\"6f46bede\" data-element_type=\"section\" data-e-type=\"section\">\n\t\t\t\t\t\t<div class=\"elementor-container elementor-column-gap-default\">\n\t\t\t\t\t<div class=\"elementor-column elementor-col-100 elementor-inner-column elementor-element elementor-element-26b1af4c\" data-id=\"26b1af4c\" data-element_type=\"column\" data-e-type=\"column\">\n\t\t\t<div class=\"elementor-widget-wrap elementor-element-populated\">\n\t\t\t\t\t\t<div class=\"elementor-element elementor-element-7ebcb618 elementor-widget elementor-widget-elementskit-heading\" data-id=\"7ebcb618\" data-element_type=\"widget\" data-e-type=\"widget\" data-settings=\"{&quot;ekit_we_effect_on&quot;:&quot;none&quot;}\" data-widget_type=\"elementskit-heading.default\">\n\t\t\t\t\t<div class=\"ekit-wid-con\" ><div class=\"ekit-heading elementskit-section-title-wraper text_center   ekit_heading_tablet-   ekit_heading_mobile-\"><h2 class=\"ekit-heading--title elementskit-section-title\">The values that define us<\/h2>\t\t\t\t<div class='ekit-heading__description'>\n\t\t\t\t\t<p><span style=\"font-weight: 400\">Our identity is built on reliability. At Roboer, we do more than just transport cargo\u2014we help shape the future of the companies that trust us.<\/span><\/p>\n\t\t\t\t<\/div>\n\t\t\t<\/div><\/div>\t\t\t\t<\/div>\n\t\t\t\t\t<\/div>\n\t\t<\/div>\n\t\t\t\t\t<\/div>\n\t\t<\/section>\n\t\t\t\t<section class=\"elementor-section elementor-inner-section elementor-element elementor-element-2af80e03 elementor-section-boxed elementor-section-height-default elementor-section-height-default\" data-id=\"2af80e03\" data-element_type=\"section\" data-e-type=\"section\">\n\t\t\t\t\t\t<div class=\"elementor-container elementor-column-gap-default\">\n\t\t\t\t\t<div class=\"elementor-column elementor-col-33 elementor-inner-column elementor-element elementor-element-13bcecb4\" data-id=\"13bcecb4\" data-element_type=\"column\" data-e-type=\"column\">\n\t\t\t<div class=\"elementor-widget-wrap elementor-element-populated\">\n\t\t\t\t\t\t<div class=\"elementor-element elementor-element-339be528 ekit-equal-height-disable elementor-widget elementor-widget-elementskit-icon-box\" data-id=\"339be528\" data-element_type=\"widget\" data-e-type=\"widget\" data-settings=\"{&quot;ekit_we_effect_on&quot;:&quot;none&quot;}\" data-widget_type=\"elementskit-icon-box.default\">\n\t\t\t\t\t<div class=\"ekit-wid-con\" >        <!-- link opening -->\n                <!-- end link opening -->\n\n        <div class=\"elementskit-infobox text-left text-left icon-top-align elementor-animation-\">\n                            <div class=\"elementskit-box-header\">\n                <div class=\"elementskit-info-box-icon\">\n                    <img decoding=\"async\" width=\"64\" height=\"64\" src=\"https:\/\/roboer.com.mx\/wp-content\/uploads\/2026\/04\/transparencia.png\" class=\"attachment- size-\" alt=\"\" srcset=\"https:\/\/roboer.com.mx\/wp-content\/uploads\/2026\/04\/transparencia.png 64w, https:\/\/roboer.com.mx\/wp-content\/uploads\/2026\/04\/transparencia-12x12.png 12w\" sizes=\"(max-width: 64px) 100vw, 64px\" \/>                <\/div>\n          <\/div>\n                <div class=\"box-body\">\n                            <h3 class=\"elementskit-info-box-title\">\n                    Transparency                <\/h3>\n                        \t\t  \t<p>Real-time information on the status of your shipment.<\/p>\n                                <\/div>\n        \n        \n                <\/div>\n        <\/div>\t\t\t\t<\/div>\n\t\t\t\t\t<\/div>\n\t\t<\/div>\n\t\t\t\t<div class=\"elementor-column elementor-col-33 elementor-inner-column elementor-element elementor-element-7e5d17bb\" data-id=\"7e5d17bb\" data-element_type=\"column\" data-e-type=\"column\">\n\t\t\t<div class=\"elementor-widget-wrap elementor-element-populated\">\n\t\t\t\t\t\t<div class=\"elementor-element elementor-element-1f2bd823 ekit-equal-height-disable elementor-widget elementor-widget-elementskit-icon-box\" data-id=\"1f2bd823\" data-element_type=\"widget\" data-e-type=\"widget\" data-settings=\"{&quot;ekit_we_effect_on&quot;:&quot;none&quot;}\" data-widget_type=\"elementskit-icon-box.default\">\n\t\t\t\t\t<div class=\"ekit-wid-con\" >        <!-- link opening -->\n                <!-- end link opening -->\n\n        <div class=\"elementskit-infobox text-left text-left icon-top-align elementor-animation-\">\n                            <div class=\"elementskit-box-header\">\n                <div class=\"elementskit-info-box-icon\">\n                    <img decoding=\"async\" width=\"64\" height=\"64\" src=\"https:\/\/roboer.com.mx\/wp-content\/uploads\/2026\/04\/compromiso.png\" class=\"attachment- size-\" alt=\"\" srcset=\"https:\/\/roboer.com.mx\/wp-content\/uploads\/2026\/04\/compromiso.png 64w, https:\/\/roboer.com.mx\/wp-content\/uploads\/2026\/04\/compromiso-12x12.png 12w\" sizes=\"(max-width: 64px) 100vw, 64px\" \/>                <\/div>\n          <\/div>\n                <div class=\"box-body\">\n                            <h3 class=\"elementskit-info-box-title\">\n                    Commitment                <\/h3>\n                        \t\t  \t<p>Delivering on our logistics promises in Mexico and around the world.<\/p>\n                                <\/div>\n        \n        \n                <\/div>\n        <\/div>\t\t\t\t<\/div>\n\t\t\t\t\t<\/div>\n\t\t<\/div>\n\t\t\t\t<div class=\"elementor-column elementor-col-33 elementor-inner-column elementor-element elementor-element-593c1925\" data-id=\"593c1925\" data-element_type=\"column\" data-e-type=\"column\">\n\t\t\t<div class=\"elementor-widget-wrap elementor-element-populated\">\n\t\t\t\t\t\t<div class=\"elementor-element elementor-element-48bde7a2 ekit-equal-height-disable elementor-widget elementor-widget-elementskit-icon-box\" data-id=\"48bde7a2\" data-element_type=\"widget\" data-e-type=\"widget\" data-settings=\"{&quot;ekit_we_effect_on&quot;:&quot;none&quot;}\" data-widget_type=\"elementskit-icon-box.default\">\n\t\t\t\t\t<div class=\"ekit-wid-con\" >        <!-- link opening -->\n                <!-- end link opening -->\n\n        <div class=\"elementskit-infobox text-left text-left icon-top-align elementor-animation-\">\n                            <div class=\"elementskit-box-header\">\n                <div class=\"elementskit-info-box-icon\">\n                    <img loading=\"lazy\" decoding=\"async\" width=\"64\" height=\"64\" src=\"https:\/\/roboer.com.mx\/wp-content\/uploads\/2026\/04\/innovacion1.png\" class=\"attachment- size-\" alt=\"\" srcset=\"https:\/\/roboer.com.mx\/wp-content\/uploads\/2026\/04\/innovacion1.png 64w, https:\/\/roboer.com.mx\/wp-content\/uploads\/2026\/04\/innovacion1-12x12.png 12w\" sizes=\"(max-width: 64px) 100vw, 64px\" \/>                <\/div>\n          <\/div>\n                <div class=\"box-body\">\n                            <h3 class=\"elementskit-info-box-title\">\n                    Innovation                <\/h3>\n                        \t\t  \t<p>We are evolving to incorporate best practices.<\/p>\n                                <\/div>\n        \n        \n                <\/div>\n        <\/div>\t\t\t\t<\/div>\n\t\t\t\t\t<\/div>\n\t\t<\/div>\n\t\t\t\t\t<\/div>\n\t\t<\/section>\n\t\t\t\t\t<\/div>\n\t\t<\/div>\n\t\t\t\t\t<\/div>\n\t\t<\/section>\n\t\t\t\t<\/div>","protected":false},"excerpt":{"rendered":"<p>Nosotros Somos un forwarder de referencia en la industria log\u00edstica en M\u00e9xico y respondemos a los retos globales. 12 A\u00f1os deExperiencia \u00bfQui\u00e9nes somos? Roboer Logistics nos consolidamos como un forwarder de referencia en la industria log\u00edstica.\u00a0 Nacimos con la visi\u00f3n de simplificar el comercio exterior, y hoy, tras m\u00e1s de una d\u00e9cada de operaciones ininterrumpidas, [&hellip;]<\/p>\n","protected":false},"author":2,"featured_media":0,"parent":0,"menu_order":0,"comment_status":"closed","ping_status":"closed","template":"","meta":{"footnotes":""},"class_list":["post-15","page","type-page","status-publish","hentry"],"_links":{"self":[{"href":"https:\/\/roboer.com.mx\/en\/wp-json\/wp\/v2\/pages\/15","targetHints":{"allow":["GET"]}}],"collection":[{"href":"https:\/\/roboer.com.mx\/en\/wp-json\/wp\/v2\/pages"}],"about":[{"href":"https:\/\/roboer.com.mx\/en\/wp-json\/wp\/v2\/types\/page"}],"author":[{"embeddable":true,"href":"https:\/\/roboer.com.mx\/en\/wp-json\/wp\/v2\/users\/2"}],"replies":[{"embeddable":true,"href":"https:\/\/roboer.com.mx\/en\/wp-json\/wp\/v2\/comments?post=15"}],"version-history":[{"count":46,"href":"https:\/\/roboer.com.mx\/en\/wp-json\/wp\/v2\/pages\/15\/revisions"}],"predecessor-version":[{"id":398,"href":"https:\/\/roboer.com.mx\/en\/wp-json\/wp\/v2\/pages\/15\/revisions\/398"}],"wp:attachment":[{"href":"https:\/\/roboer.com.mx\/en\/wp-json\/wp\/v2\/media?parent=15"}],"curies":[{"name":"wp","href":"https:\/\/api.w.org\/{rel}","templated":true}]}}